{"id":6,"date":"2021-10-05T14:41:12","date_gmt":"2021-10-05T14:41:12","guid":{"rendered":"https:\/\/www.ruhrguthaben.de\/?page_id=6"},"modified":"2022-07-18T15:54:48","modified_gmt":"2022-07-18T15:54:48","slug":"gestalte-deine-website-mit-bloecken","status":"publish","type":"page","link":"https:\/\/www.ruhrguthaben.de\/","title":{"rendered":""},"content":{"rendered":"\n<figure class=\"wp-block-image size-full header-image\"><img loading=\"lazy\" decoding=\"async\" width=\"985\" height=\"603\" src=\"https:\/\/www.ruhrguthaben.de\/wp-content\/uploads\/2021\/10\/header-code.png\" alt=\"\" class=\"wp-image-49\" srcset=\"https:\/\/www.ruhrguthaben.de\/wp-content\/uploads\/2021\/10\/header-code.png 985w, https:\/\/www.ruhrguthaben.de\/wp-content\/uploads\/2021\/10\/header-code-300x184.png 300w, https:\/\/www.ruhrguthaben.de\/wp-content\/uploads\/2021\/10\/header-code-768x470.png 768w\" sizes=\"auto, (max-width: 985px) 100vw, 985px\" \/><\/figure>\n\n\n\n<h2 class=\"alignwide has-text-align-wide has-gigantic-font-size wp-block-heading\" style=\"line-height:1.1\">Die steuerfreie Sachbezugskarte f\u00fcr das Ruhrgebiet<\/h2>\n\n\n\n<p><strong>ruhrguthaben<\/strong> ist eine Guthabenkarte mit der man ausschlie\u00dflich in den lokal teilnehmenden Gesch\u00e4ften, Gastronomiebetrieben und sonstigen Dienstleistern im Ruhrgebiet bezahlen kann. So bleibt die Kaufkraft in der Region und st\u00e4rkt die Attraktivit\u00e4t des Ruhrgebiets.<br><br>ArbeitnehmerInnen im Ruhrgebiet erhalten die Karten, die monatlich mit bis zu 50\u20ac (44\u20ac vor 2022) aufgeladen werden, von den Arbeitgebern als kleines, steuerfreies &#8222;Extra&#8220;. F\u00fcr Arbeitgeber ist das <strong>ruhrguthaben <\/strong>damit nicht nur ein Instrument zur Mitarbeitermotivation, sondern gleichzeitig aktive Standortf\u00f6rderung &#8211; ein wichtiger Wettbewerbsfaktor!<\/p>\n\n\n\n<h2 class=\"wp-block-heading\">Wir suchen Partner im Ruhrgebiet!<\/h2>\n\n\n\n<p>Wir lassen Ihnen bei Interesse am ruhrguthaben gerne weitere Informationen zukommen. Nutzen Sie dazu einfach dieses Formular.<\/p>\n\n\n\n<div class=\"wpcf7 no-js\" id=\"wpcf7-f35-o1\" lang=\"de-DE\" dir=\"ltr\" data-wpcf7-id=\"35\">\n<div class=\"screen-reader-response\"><p role=\"status\" aria-live=\"polite\" aria-atomic=\"true\"><\/p> <ul><\/ul><\/div>\n<form action=\"\/index.php?rest_route=%2Fwp%2Fv2%2Fpages%2F6#wpcf7-f35-o1\" method=\"post\" class=\"wpcf7-form init\" aria-label=\"Kontaktformular\" novalidate=\"novalidate\" data-status=\"init\">\n<fieldset class=\"hidden-fields-container\"><input type=\"hidden\" name=\"_wpcf7\" value=\"35\" \/><input type=\"hidden\" name=\"_wpcf7_version\" value=\"6.1.5\" \/><input type=\"hidden\" name=\"_wpcf7_locale\" value=\"de_DE\" \/><input type=\"hidden\" name=\"_wpcf7_unit_tag\" value=\"wpcf7-f35-o1\" \/><input type=\"hidden\" name=\"_wpcf7_container_post\" value=\"0\" \/><input type=\"hidden\" name=\"_wpcf7_posted_data_hash\" value=\"\" \/>\n<\/fieldset>\n<p>Ich interessiere mich als\n<\/p>\n<div class=\"row\">\n\t<div class=\"col-lg-12 form-group\">\n\t\t<p><span class=\"wpcf7-form-control-wrap\" data-name=\"field-type\"><select class=\"wpcf7-form-control wpcf7-select wpcf7-validates-as-required\" aria-required=\"true\" aria-invalid=\"false\" name=\"field-type\"><option value=\"\">&#8211; Bitte ausw\u00e4hlen &#8211;<\/option><option value=\"Arbeitgeber\">Arbeitgeber<\/option><option value=\"Akzeptanzstelle\">Akzeptanzstelle<\/option><option value=\"Unterst\u00fctzer\">Unterst\u00fctzer<\/option><option value=\"Interessierter\">Interessierter<\/option><\/select><\/span>\n\t\t<\/p>\n\t<\/div>\n<\/div>\n<div class=\"row\">\n\t<div class=\"col-lg-12 form-group\">\n\t\t<p><span class=\"wpcf7-form-control-wrap\" data-name=\"field-company\"><input size=\"40\" maxlength=\"400\" class=\"wpcf7-form-control wpcf7-text wpcf7-validates-as-required form-control\" aria-required=\"true\" aria-invalid=\"false\" placeholder=\"Organisation\" value=\"\" type=\"text\" name=\"field-company\" \/><\/span>\n\t\t<\/p>\n\t<\/div>\n<\/div>\n<div class=\"row\">\n\t<div class=\"col-lg-12 form-group\">\n\t\t<p><span class=\"wpcf7-form-control-wrap\" data-name=\"field-name\"><input size=\"40\" maxlength=\"400\" class=\"wpcf7-form-control wpcf7-text wpcf7-validates-as-required form-control\" aria-required=\"true\" aria-invalid=\"false\" placeholder=\"Vorname, Name\" value=\"\" type=\"text\" name=\"field-name\" \/><\/span>\n\t\t<\/p>\n\t<\/div>\n<\/div>\n<div class=\"row\">\n\t<div class=\"col-lg-12 form-group\">\n\t\t<p><span class=\"wpcf7-form-control-wrap\" data-name=\"field-email\"><input size=\"40\" maxlength=\"400\" class=\"wpcf7-form-control wpcf7-email wpcf7-validates-as-required wpcf7-text wpcf7-validates-as-email form-control\" aria-required=\"true\" aria-invalid=\"false\" placeholder=\"Email\" value=\"\" type=\"email\" name=\"field-email\" \/><\/span>\n\t\t<\/p>\n\t<\/div>\n<\/div>\n<div class=\"row\">\n\t<div class=\"col-lg-12 form-group\">\n\t\t<p><span class=\"wpcf7-form-control-wrap\" data-name=\"field-phone\"><input size=\"40\" maxlength=\"400\" class=\"wpcf7-form-control wpcf7-tel wpcf7-text wpcf7-validates-as-tel form-control\" aria-invalid=\"false\" placeholder=\"Telefon (optional)\" value=\"\" type=\"tel\" name=\"field-phone\" \/><\/span>\n\t\t<\/p>\n\t<\/div>\n<\/div>\n<div class=\"row\">\n\t<div class=\"col-lg-12 form-group\">\n\t\t<p><span class=\"wpcf7-form-control-wrap\" data-name=\"field-text\"><textarea cols=\"40\" rows=\"10\" maxlength=\"2000\" class=\"wpcf7-form-control wpcf7-textarea form-control\" aria-invalid=\"false\" placeholder=\"Bemerkung (optional)\" name=\"field-text\"><\/textarea><\/span>\n\t\t<\/p>\n\t<\/div>\n<\/div>\n<div class=\"row\">\n\t<div class=\"col-md-12 form-group\">\n\t\t<p><span class=\"wpcf7-form-control-wrap kc_captcha\" data-name=\"kc_captcha\"><span class=\"wpcf7-form-control wpcf7-radio\"><span class=\"captcha-image\" ><span class=\"cf7ic_instructions\">Bitte beweise, dass du kein Spambot bist und w\u00e4hle das Symbol<span> Auto<\/span>.<\/span><label><input aria-label=\"1\" type=\"radio\" name=\"kc_captcha\" value=\"bot\" \/><svg aria-hidden=\"true\" role=\"img\" xmlns=\"http:\/\/www.w3.org\/2000\/svg\" viewBox=\"0 0 576 512\"><path fill=\"currentColor\" d=\"M415 24c-53 0-103 42-127 65-24-23-74-65-127-65C70 24 16 77 16 166c0 72 67 133 69 135l187 181c9 8 23 8 32 0l187-180c2-3 69-64 69-136 0-89-54-142-145-142z\"\/><\/svg><\/label><label><input aria-label=\"2\" type=\"radio\" name=\"kc_captcha\" value=\"kc_human\" \/><svg aria-hidden=\"true\" role=\"img\" xmlns=\"http:\/\/www.w3.org\/2000\/svg\" viewBox=\"0 0 512 512\"><path fill=\"currentColor\" d=\"M500 168h-55l-8-21a127 127 0 00-120-83H195a127 127 0 00-120 83l-8 21H12c-8 0-14 8-11 16l8 24a12 12 0 0011 8h29a64 64 0 00-33 56v48c0 16 6 31 16 42v62c0 13 11 24 24 24h48c13 0 24-11 24-24v-40h256v40c0 13 11 24 24 24h48c13 0 24-11 24-24v-62c10-11 16-26 16-42v-48c0-24-13-45-33-56h29a12 12 0 0011-8l8-24c3-8-3-16-11-16zm-365 2c9-25 33-42 60-42h122c27 0 51 17 60 42l15 38H120l15-38zM88 328a32 32 0 010-64c18 0 48 30 48 48s-30 16-48 16zm336 0c-18 0-48 2-48-16s30-48 48-48 32 14 32 32-14 32-32 32z\"\/><\/svg><\/label><label><input aria-label=\"3\" type=\"radio\" name=\"kc_captcha\" value=\"bot\" \/><svg aria-hidden=\"true\" role=\"img\" xmlns=\"http:\/\/www.w3.org\/2000\/svg\" viewBox=\"0 0 512 512\"><path fill=\"currentColor\" d=\"M512 176a176 176 0 01-209 173l-24 27a24 24 0 01-18 8h-37v40c0 13-11 24-24 24h-40v40c0 13-11 24-24 24H24c-13 0-24-11-24-24v-78c0-6 3-13 7-17l162-162a176 176 0 11343-55zm-176-48a48 48 0 1096 0 48 48 0 00-96 0z\"\/><\/svg><\/label>\r\n    <\/span>\r\n    <span style=\"display:none\">\r\n        <input type=\"text\" name=\"kc_honeypot\">\r\n    <\/span><\/span><\/span>\n\t\t<\/p>\n\t<\/div>\n<\/div>\n<div class=\"row\">\n\t<div class=\"col-lg-12 form-group\">\n\t\t<p><input class=\"wpcf7-form-control wpcf7-submit has-spinner wp-block-button__link btn btn-primary btn-lg\" type=\"submit\" value=\"Ich habe Interesse!\" \/>\n\t\t<\/p>\n\t<\/div>\n<\/div><div class=\"wpcf7-response-output\" aria-hidden=\"true\"><\/div>\n<\/form>\n<\/div>\n\n\n\n\n<p>Impressum: <a href=\"https:\/\/www.stadtguthaben.de\/\">Stadtguthaben GmbH<\/a>, Schinkelstra\u00dfe 19, 40211 D\u00fcsseldorf<br><\/p>\n","protected":false},"excerpt":{"rendered":"<p>Die steuerfreie Sachbezugskarte f\u00fcr das Ruhrgebiet ruhrguthaben ist eine Guthabenkarte mit der man ausschlie\u00dflich in den lokal teilnehmenden Gesch\u00e4ften, Gastronomiebetrieben und sonstigen Dienstleistern im Ruhrgebiet bezahlen kann. So bleibt die &#8230;<\/p>\n","protected":false},"author":1,"featured_media":44,"parent":0,"menu_order":0,"comment_status":"closed","ping_status":"closed","template":"","meta":{"footnotes":""},"class_list":["post-6","page","type-page","status-publish","has-post-thumbnail","hentry"],"_links":{"self":[{"href":"https:\/\/www.ruhrguthaben.de\/index.php?rest_route=\/wp\/v2\/pages\/6","targetHints":{"allow":["GET"]}}],"collection":[{"href":"https:\/\/www.ruhrguthaben.de\/index.php?rest_route=\/wp\/v2\/pages"}],"about":[{"href":"https:\/\/www.ruhrguthaben.de\/index.php?rest_route=\/wp\/v2\/types\/page"}],"author":[{"embeddable":true,"href":"https:\/\/www.ruhrguthaben.de\/index.php?rest_route=\/wp\/v2\/users\/1"}],"replies":[{"embeddable":true,"href":"https:\/\/www.ruhrguthaben.de\/index.php?rest_route=%2Fwp%2Fv2%2Fcomments&post=6"}],"version-history":[{"count":12,"href":"https:\/\/www.ruhrguthaben.de\/index.php?rest_route=\/wp\/v2\/pages\/6\/revisions"}],"predecessor-version":[{"id":89,"href":"https:\/\/www.ruhrguthaben.de\/index.php?rest_route=\/wp\/v2\/pages\/6\/revisions\/89"}],"wp:featuredmedia":[{"embeddable":true,"href":"https:\/\/www.ruhrguthaben.de\/index.php?rest_route=\/wp\/v2\/media\/44"}],"wp:attachment":[{"href":"https:\/\/www.ruhrguthaben.de\/index.php?rest_route=%2Fwp%2Fv2%2Fmedia&parent=6"}],"curies":[{"name":"wp","href":"https:\/\/api.w.org\/{rel}","templated":true}]}}